{"id":209,"date":"2021-05-21T23:36:15","date_gmt":"2021-05-21T20:36:15","guid":{"rendered":"http:\/\/salihabaykara.com\/?page_id=209"},"modified":"2021-05-21T23:57:25","modified_gmt":"2021-05-21T20:57:25","slug":"s-s-s-online-psikoterapi","status":"publish","type":"page","link":"https:\/\/salihabaykara.com\/index.php\/sikca-sorulan-sorular-s-s-s\/s-s-s-online-psikoterapi\/","title":{"rendered":"S.S.S. &#8211; Online Psikoterapi"},"content":{"rendered":"<p class=\"p1\" style=\"text-align: justify;\"><span style=\"color: #00416d;\"><b>Online Psikoterapi S\u00fcreci \u0130le \u0130lgili S\u0131k\u00e7a Sorulan Sorular<\/b><\/span><\/p>\n<p class=\"p1\" style=\"text-align: justify;\"><span style=\"color: #00416d;\">Salg\u0131n s\u00fcrecinde bazen kapanmalar, rahats\u0131zlanmalar, risk alt\u0131nda olma, hastal\u0131\u011fa yakalanma endi\u015fesi gibi bir\u00e7ok fakt\u00f6r\u00fcn devreye girmesi ve ruhsal destek s\u00fcre\u00e7lerinin kesintiye u\u011framamas\u0131 i\u00e7in online psikoterapi g\u00f6r\u00fc\u015fmeleri yayg\u0131nla\u015fm\u0131\u015ft\u0131r. Bu yayg\u0131nla\u015fma beraberinde \u00e7e\u015fitli sorular\u0131 da olu\u015fmu\u015ftur. A\u015fa\u011f\u0131da onlardan baz\u0131lar\u0131n\u0131 g\u00f6rebilirsiniz.<span class=\"Apple-converted-space\">\u00a0<\/span><\/span><\/p>\n<p class=\"p1\" style=\"text-align: justify;\"><span style=\"color: #00416d;\"><i>Online psikoterapide g\u00f6r\u00fc\u015fmeler nas\u0131l yap\u0131lmaktad\u0131r?<\/i><\/span><\/p>\n<p class=\"p1\" style=\"text-align: justify;\"><span style=\"color: #00416d;\">Online psikoterapide g\u00f6r\u00fc\u015fmeler skype, zoom gibi g\u00fcvenlik a\u00e7\u0131s\u0131ndan uygun ko\u015fullar\u0131n sa\u011flanabilece\u011fi programlar \u00fczerinden y\u00fcr\u00fct\u00fclmektedir. Bu genelde psikoterapistin kullan\u0131ma uygun buldu\u011fu ve hastaya \u00f6nererek anla\u015ft\u0131klar\u0131 bir program olmaktad\u0131r.<span class=\"Apple-converted-space\">\u00a0<\/span><\/span><\/p>\n<p class=\"p1\" style=\"text-align: justify;\"><span style=\"color: #00416d;\"><i>Online psikoterapi herkes i\u00e7in uygun mudur?<\/i><\/span><\/p>\n<p class=\"p1\" style=\"text-align: justify;\"><span style=\"color: #00416d;\">Baz\u0131 ko\u015fullar ve ruhsal rahats\u0131zl\u0131klar i\u00e7in online psikoterapi uygun olamamaktad\u0131r. Uygunlukla ilgili bilgiyi psikoterapistiniz, de\u011ferlendirme g\u00f6r\u00fc\u015fmeleri s\u0131ras\u0131 ya da sonras\u0131nda sizinle payla\u015facakt\u0131r. Online g\u00f6r\u00fc\u015fmelerin uygun olamamas\u0131 halinde, size gerekli y\u00f6nlendirmede bulunabilecektir.<span class=\"Apple-converted-space\">\u00a0<\/span><\/span><\/p>\n<p class=\"p1\" style=\"text-align: justify;\"><span style=\"color: #00416d;\"><i>\u0130lk kez online psikoterapiye ba\u015fvuraca\u011f\u0131m, psikoterapist se\u00e7erken nelere dikkat etmeliyim?<\/i><\/span><\/p>\n<p class=\"p1\" style=\"text-align: justify;\"><span style=\"color: #00416d;\">\u0130lk kez online terapiye ba\u015fvuracak ki\u015filer, yard\u0131m alacaklar\u0131 psikoterapisti m\u00fcmk\u00fcnse ya\u015fad\u0131\u011f\u0131 \u015fehir i\u00e7inden se\u00e7mesi daha uygun olacakt\u0131r. \u0130leride ko\u015fullar de\u011fi\u015fti\u011finde, y\u00fcz y\u00fczeye ge\u00e7menin uygun olaca\u011f\u0131 g\u00f6z \u00f6n\u00fcnde bulundurulmal\u0131d\u0131r. \u00c7\u00fcnk\u00fc zorunlu haller (ya\u015fan\u0131lan yerde psikoterapist olmamas\u0131, ya\u015fan\u0131lan yerde ki\u015finin konu\u015ftu\u011fu dilde psikoterapist bulamamas\u0131, fiziksel bir hastal\u0131\u011f\u0131n devreye girmesi, \u00fclke de\u011fi\u015ftirmek durumunda kalmak vs)<span class=\"Apple-converted-space\">\u00a0 <\/span>d\u0131\u015f\u0131nda \u00e7o\u011fu psikoterapist, psikoterapi \u00e7al\u0131\u015fmas\u0131 i\u00e7in y\u00fcz y\u00fcze se\u00e7ece\u011fini daha uygun bulmaktad\u0131r.<span class=\"Apple-converted-space\">\u00a0<\/span><\/span><\/p>\n<p class=\"p1\" style=\"text-align: justify;\"><span style=\"color: #00416d;\"><i>Online psikoterapide istedi\u011fim an psikoterapistimle g\u00f6r\u00fc\u015febilecek miyim?<\/i><\/span><\/p>\n<p class=\"p1\" style=\"text-align: justify;\"><span style=\"color: #00416d;\">Y\u00fcz y\u00fcze psikoterapilerde oldu\u011fu gibi online psikoterapiler de belirli kurallara dayal\u0131 olarak s\u00fcrd\u00fcr\u00fcl\u00fcr. Bu \u00e7er\u00e7eve do\u011frultusunda, hasta ve psikoterapist yaln\u0131zca belirlenen g\u00fcn, saat ve seans s\u0131kl\u0131\u011f\u0131nda g\u00f6r\u00fc\u015fmelerini ger\u00e7ekle\u015ftirirler. Sosyal medya uygulamalar\u0131nda reklam olarak kar\u015f\u0131la\u015f\u0131labilen \u201cistenilen her an, her yerde, her \u015fekilde terapi\u201d sa\u011fl\u0131kl\u0131 bir psikoterapi s\u00fcreci i\u00e7in uygun olabilecek bir uygulamay\u0131 \u00e7a\u011fr\u0131\u015ft\u0131rmamaktad\u0131r. Bu konuda dikkatli olunmal\u0131, psikoterapinin belirli g\u00fcn ve saatlerde, hasta ve psikoterapistin m\u00fcmk\u00fcn olabilecek en stabil d\u00fczende g\u00f6r\u00fc\u015febilecekleri bir \u00e7al\u0131\u015fma oldu\u011fu unutulmamal\u0131d\u0131r.<span class=\"Apple-converted-space\">\u00a0<\/span><\/span><\/p>\n<p class=\"p1\" style=\"text-align: justify;\"><span style=\"color: #00416d;\"><i>Online psikoterapi seanslar\u0131 ve psikoterapi ne kadar s\u00fcrmektedir?<\/i><\/span><\/p>\n<p class=\"p1\" style=\"text-align: justify;\"><span style=\"color: #00416d;\">Y\u00fcz y\u00fcze uygulamada da ge\u00e7erli oldu\u011fu \u00fczere, terapistin \u00e7al\u0131\u015fma yakla\u015f\u0131m\u0131na g\u00f6re ufak bir miktar de\u011fi\u015fkenlik g\u00f6sterse de genellikle seans s\u00fcresi 45 dakikad\u0131r. Psikoterapi s\u00fcresi ise ekollere g\u00f6re daha de\u011fi\u015fkendir. Belirli bir belirti \u015fikayetine odaklan\u0131p bunun giderilmesine y\u00f6nelik \u00e7al\u0131\u015f\u0131lan terapiler daha k\u0131sa s\u00fcrebilirken, psikanalitik psikoterapi gibi daha derinlemesine \u00e7al\u0131\u015f\u0131lan psikoterapilerin s\u00fcresinin ucu a\u00e7\u0131kt\u0131r. Online \u00e7al\u0131\u015fmalarda ko\u015fullar\u0131n sa\u011flanmas\u0131 halinde y\u00fcz y\u00fczeye ge\u00e7me, psikoterapist ve hasta taraf\u0131ndan birlikte de\u011ferlendirilmektedir.<span class=\"Apple-converted-space\">\u00a0<\/span><\/span><\/p>\n<p class=\"p1\" style=\"text-align: justify;\"><span style=\"color: #00416d;\">Fiziksel ve ruhsal sa\u011fl\u0131\u011f\u0131n\u0131z\u0131n birbirinden ba\u011f\u0131ms\u0131z olmad\u0131\u011f\u0131n\u0131 g\u00f6z \u00f6n\u00fcnde bulundurarak, bu s\u00fcre\u00e7te hangi y\u00f6ntemin (online ya da y\u00fcz y\u00fcze) sizin i\u00e7in uygun psikoterapi olabilece\u011fini<span class=\"Apple-converted-space\">\u00a0 <\/span>se\u00e7ece\u011finiz psikoterapistle birlikte de\u011ferlendirebilirsiniz.<span class=\"Apple-converted-space\">\u00a0<\/span><\/span><\/p>\n","protected":false},"excerpt":{"rendered":"<p>Online Psikoterapi S\u00fcreci \u0130le \u0130lgili S\u0131k\u00e7a Sorulan Sorular Salg\u0131n s\u00fcrecinde bazen kapanmalar, rahats\u0131zlanmalar, risk alt\u0131nda olma, hastal\u0131\u011fa yakalanma endi\u015fesi gibi bir\u00e7ok fakt\u00f6r\u00fcn devreye girmesi ve ruhsal destek s\u00fcre\u00e7lerinin kesintiye u\u011framamas\u0131 i\u00e7in online psikoterapi g\u00f6r\u00fc\u015fmeleri yayg\u0131nla\u015fm\u0131\u015ft\u0131r. Bu yayg\u0131nla\u015fma beraberinde \u00e7e\u015fitli sorular\u0131 da olu\u015fmu\u015ftur. A\u015fa\u011f\u0131da onlardan baz\u0131lar\u0131n\u0131 g\u00f6rebilirsiniz.\u00a0 Online psikoterapide g\u00f6r\u00fc\u015fmeler nas\u0131l yap\u0131lmaktad\u0131r? Online psikoterapide g\u00f6r\u00fc\u015fmeler skype, &hellip; <a href=\"https:\/\/salihabaykara.com\/index.php\/sikca-sorulan-sorular-s-s-s\/s-s-s-online-psikoterapi\/\" class=\"more-link\">Okumaya devam et <span class=\"screen-reader-text\">S.S.S. &#8211; Online Psikoterapi<\/span><\/a><\/p>\n","protected":false},"author":1,"featured_media":0,"parent":205,"menu_order":0,"comment_status":"closed","ping_status":"closed","template":"","meta":[],"_links":{"self":[{"href":"https:\/\/salihabaykara.com\/index.php\/wp-json\/wp\/v2\/pages\/209"}],"collection":[{"href":"https:\/\/salihabaykara.com\/index.php\/wp-json\/wp\/v2\/pages"}],"about":[{"href":"https:\/\/salihabaykara.com\/index.php\/wp-json\/wp\/v2\/types\/page"}],"author":[{"embeddable":true,"href":"https:\/\/salihabaykara.com\/index.php\/wp-json\/wp\/v2\/users\/1"}],"replies":[{"embeddable":true,"href":"https:\/\/salihabaykara.com\/index.php\/wp-json\/wp\/v2\/comments?post=209"}],"version-history":[{"count":2,"href":"https:\/\/salihabaykara.com\/index.php\/wp-json\/wp\/v2\/pages\/209\/revisions"}],"predecessor-version":[{"id":216,"href":"https:\/\/salihabaykara.com\/index.php\/wp-json\/wp\/v2\/pages\/209\/revisions\/216"}],"up":[{"embeddable":true,"href":"https:\/\/salihabaykara.com\/index.php\/wp-json\/wp\/v2\/pages\/205"}],"wp:attachment":[{"href":"https:\/\/salihabaykara.com\/index.php\/wp-json\/wp\/v2\/media?parent=209"}],"curies":[{"name":"wp","href":"https:\/\/api.w.org\/{rel}","templated":true}]}}