{"id":221,"date":"2021-05-22T00:05:12","date_gmt":"2021-05-21T21:05:12","guid":{"rendered":"http:\/\/salihabaykara.com\/?page_id=221"},"modified":"2022-01-19T22:24:53","modified_gmt":"2022-01-19T19:24:53","slug":"covid-19-ve-psikoterapi-sureci-online-calismalar","status":"publish","type":"page","link":"https:\/\/salihabaykara.com\/index.php\/covid-19-ve-psikoterapi-sureci-online-calismalar\/","title":{"rendered":"Covid-19 ve Psikoterapi S\u00fcreci; Online \u00c7al\u0131\u015fmalar"},"content":{"rendered":"<p class=\"p1\" style=\"text-align: justify;\"><span style=\"color: #00416d;\">Aral\u0131k, 2019\u2019da \u00c7in\u2019in Wuhan kentinde ba\u015flay\u0131p t\u00fcm d\u00fcnyay\u0131 etkisi alt\u0131na alan covid-19 salg\u0131n\u0131, bir\u00e7ok insan\u0131n hayat\u0131n\u0131 kaybetmesine, hayatta kalanlar\u0131n \u00e7e\u015fitli sa\u011fl\u0131k sorunlar\u0131n\u0131n tetiklenmesine, yak\u0131n kayb\u0131, ekonomik kay\u0131plar ve i\u015f kayb\u0131, sa\u011fl\u0131k hakk\u0131na ula\u015fmakta aksamalar ya\u015fanmas\u0131, bir araya geli\u015flerin, sosyal alanlar\u0131n ve sosyal ili\u015fkilerin mesafelenmesi, belirsizlik ve belki de en \u00e7ok \u00f6nlenebilir \u00f6l\u00fcmlerin ya\u015fanmas\u0131n\u0131n etkisi gibi bir\u00e7ok sebeple ruhsal sorunlar\u0131n da art\u0131mas\u0131na neden olabilmektedir. B\u00fct\u00fcn d\u00fcnyan\u0131n birlikte i\u00e7inden ge\u00e7ti\u011fi s\u00fcre\u011fen bir travma yaratmas\u0131 nedeniyle de kimi bireylerde uykuda bekleyen ruhsal sorunlar uyanm\u0131\u015f ya da var olan problemlerin yo\u011funlu\u011funu da art\u0131rm\u0131\u015ft\u0131r. Bu s\u00fcre\u00e7 i\u00e7erisinde ruh sa\u011fl\u0131\u011f\u0131 alan\u0131nda bir y\u00f6ntem olarak online terapi sistemlerine ge\u00e7i\u015flerde de art\u0131\u015f olmu\u015ftur. Online terapi, i\u00e7erisinde \u00e7e\u015fitli k\u0131s\u0131tl\u0131l\u0131klar bar\u0131nd\u0131rmas\u0131na ra\u011fmen, yard\u0131m ve destek aray\u0131\u015f\u0131nda olan ki\u015filerin bu yard\u0131ma ula\u015fmas\u0131n\u0131 kolayla\u015ft\u0131r\u0131c\u0131 bir alan olu\u015fturmaktad\u0131r.<span class=\"Apple-converted-space\">&nbsp;<\/span><\/span><\/p>\n<p class=\"p1\" style=\"text-align: justify;\"><span style=\"color: #00416d;\">Salg\u0131n s\u00fcrecinde sa\u011fl\u0131k hakk\u0131na eri\u015fimde ya\u015fanan adaletsizlikler, a\u015f\u0131lanma s\u00fcrecinde ya\u015fanan aksakl\u0131klar s\u00fcrecin daha da uzamas\u0131na dolay\u0131s\u0131yla gerilimlerin de katlanarak artmas\u0131na neden olmaktad\u0131r. Bu s\u00fcre\u00e7te umutsuzluk, \u00e7aresizlik, endi\u015fe hali, bunalma, bo\u015fluk hisleri gibi duygusal deneyimlerin yo\u011funlu\u011funda da art\u0131\u015flar olabilmektedir. B\u00f6yle sorunlar kayg\u0131 kayna\u011f\u0131 ve belirsizlik s\u00fcre\u011fenlik g\u00f6sterdi\u011finde, gittik\u00e7e \u015fiddetli boyutlara ula\u015fabilmektedir. Bu nedenle ruhsal deste\u011fe ihtiya\u00e7 duymaya ba\u015flayan bireyler vakit kaybeden profesyonel bir yard\u0131ma ba\u015fvurmal\u0131d\u0131r.<span class=\"Apple-converted-space\">&nbsp;<\/span><\/span><\/p>\n<p class=\"p1\" style=\"text-align: justify;\"><span style=\"color: #00416d;\">\u015eartlar nedeniyle y\u00fcz y\u00fcze terapi uygulanamad\u0131\u011f\u0131, devam edilemedi\u011fi durumlarda uygulanan online terapinin de t\u0131pk\u0131 y\u00fcz y\u00fczede oldu\u011fu baz\u0131 ilkeleri bulunmaktad\u0131r. Psikoterapist ve hasta aras\u0131nda belirlenen zaman diliminde g\u00f6r\u00fc\u015f\u00fclmekte olup seanslar bu zaman diliminde vaktinde ba\u015flay\u0131p vaktinde bitirilmektedir. Uygun g\u00f6r\u00fc\u015fme ortam\u0131n\u0131n olu\u015fturulmas\u0131 her iki taraf\u0131n da sorumlulu\u011fundad\u0131r. M\u00fcmk\u00fcnse ki\u015finin sessiz, g\u00f6r\u00fc\u015fme s\u0131ras\u0131nda d\u0131\u015f etkenler taraf\u0131ndan b\u00f6l\u00fcnmeyece\u011fi, rahat konu\u015fabilece\u011fi, internet ba\u011flant\u0131s\u0131n\u0131n g\u00f6r\u00fc\u015fmeyi s\u00fcrd\u00fcrebilecek d\u00fczeyde olmas\u0131 gibi ko\u015fullar gerekmektedir. Bazen bu ko\u015fullarda aksakl\u0131k olabilmekte, bunun olas\u0131 alternatifleri psikoterapist ve hastan\u0131n birlikte karar verece\u011fi bir \u015fekilde yeniden d\u00fczenlenmektedir. \u00d6rne\u011fin; seans\u0131n belli bir a\u015famas\u0131 tamamland\u0131ktan sonra internet ba\u011flant\u0131s\u0131nda o an geli\u015fen bir sorun nedeniyle online devam edilememesi ve kalan zaman i\u00e7in telefonda devam edilmesi gibi. Ancak t\u00fcm bunlar keyfiyetle de\u011fi\u015ftirilebilecek bir karar de\u011fil, psikoterapist ve hastan\u0131n birlikte anla\u015fmaya vard\u0131\u011f\u0131 \u00e7er\u00e7eve do\u011frultusunda ger\u00e7ekle\u015fmektedir. Bu nedenle baz\u0131 kurulu\u015flar\u0131n \u201cterapistinize istedi\u011finiz an ula\u015f\u0131n, terapistinizle mesajla\u015farak seanslar\u0131n\u0131z\u0131 yap\u0131n, terapiniz siz istedi\u011finiz an cebinize gelsin\u201d \u015feklindeki uygulamalar\u0131 s\u00fcreci olumsuzla\u015ft\u0131rabilecek etkilere sahiptir. Bir psikoterapi, psikoterapist ve hastan\u0131n birlikte anla\u015ft\u0131\u011f\u0131 seans saatinde, seans s\u00fcresi boyunca d\u00fczenli ve belirli kurallar \u00e7er\u00e7evesinde m\u00fcmk\u00fcn oldu\u011funca sabit y\u00fcr\u00fct\u00fclmesi uygun olan bir \u00e7al\u0131\u015fmad\u0131r.<span class=\"Apple-converted-space\">&nbsp;<\/span><\/span><\/p>\n<p class=\"p1\" style=\"text-align: justify;\"><span style=\"color: #00416d;\">\u0130lk kez online terapiye ba\u015fvuracak ki\u015filer, yard\u0131m alacaklar\u0131 psikoterapisti m\u00fcmk\u00fcnse ya\u015fad\u0131\u011f\u0131 \u015fehir i\u00e7inden se\u00e7mesi daha uygun olacakt\u0131r. \u0130leride uygun ko\u015fullar olu\u015ftu\u011funda y\u00fcz y\u00fczeye ge\u00e7menin uygun olaca\u011f\u0131 g\u00f6z \u00f6n\u00fcnde bulundurulmal\u0131d\u0131r. \u00c7\u00fcnk\u00fc zorunlu haller (ya\u015fan\u0131lan yerde psikoterapist olmamas\u0131, ya\u015fan\u0131lan yerde ki\u015finin konu\u015ftu\u011fu dilde psikoterapist bulamamas\u0131, fiziksel bir hastal\u0131\u011f\u0131n devreye girmesi, \u00fclke de\u011fi\u015ftirmek durumunda kalmak vs)<span class=\"Apple-converted-space\">&nbsp; <\/span>d\u0131\u015f\u0131nda, \u00e7o\u011fu psikoterapist, psikoterapi \u00e7al\u0131\u015fmas\u0131 i\u00e7in y\u00fcz y\u00fcze se\u00e7ece\u011fini daha uygun bulmaktad\u0131r.<span class=\"Apple-converted-space\">&nbsp;<\/span><\/span><\/p>\n<p class=\"p1\" style=\"text-align: justify;\"><span style=\"color: #00416d;\">Hi\u00e7 bilmedi\u011finiz bir s\u00fcrece daha \u00f6nceden tan\u0131m\u0131yor oldu\u011funuz biriyle y\u00fcz y\u00fcze gelmeden, bir bilgisayar ya da telefon ekran\u0131ndan kar\u015f\u0131lacak olmak sizi kayg\u0131land\u0131r\u0131yor ve ba\u015fvuruda bulunman\u0131za engel olu\u015fturuyor olabilir. Ancak psikoterapistiniz, ya\u015fayabilece\u011finiz olas\u0131 kayg\u0131larla ilgili bir \u00f6ng\u00f6r\u00fc i\u00e7erisinde, sizi anlay\u0131\u015fla kar\u015f\u0131layacak ve yard\u0131mc\u0131 olacakt\u0131r.<span class=\"Apple-converted-space\">&nbsp;<\/span><\/span><\/p>\n","protected":false},"excerpt":{"rendered":"<p>Aral\u0131k, 2019\u2019da \u00c7in\u2019in Wuhan kentinde ba\u015flay\u0131p t\u00fcm d\u00fcnyay\u0131 etkisi alt\u0131na alan covid-19 salg\u0131n\u0131, bir\u00e7ok insan\u0131n hayat\u0131n\u0131 kaybetmesine, hayatta kalanlar\u0131n \u00e7e\u015fitli sa\u011fl\u0131k sorunlar\u0131n\u0131n tetiklenmesine, yak\u0131n kayb\u0131, ekonomik kay\u0131plar ve i\u015f kayb\u0131, sa\u011fl\u0131k hakk\u0131na ula\u015fmakta aksamalar ya\u015fanmas\u0131, bir araya geli\u015flerin, sosyal alanlar\u0131n ve sosyal ili\u015fkilerin mesafelenmesi, belirsizlik ve belki de en \u00e7ok \u00f6nlenebilir \u00f6l\u00fcmlerin ya\u015fanmas\u0131n\u0131n etkisi gibi &hellip; <a href=\"https:\/\/salihabaykara.com\/index.php\/covid-19-ve-psikoterapi-sureci-online-calismalar\/\" class=\"more-link\">Okumaya devam et <span class=\"screen-reader-text\">Covid-19 ve Psikoterapi S\u00fcreci; Online \u00c7al\u0131\u015fmalar<\/span><\/a><\/p>\n","protected":false},"author":1,"featured_media":0,"parent":0,"menu_order":0,"comment_status":"closed","ping_status":"closed","template":"","meta":[],"_links":{"self":[{"href":"https:\/\/salihabaykara.com\/index.php\/wp-json\/wp\/v2\/pages\/221"}],"collection":[{"href":"https:\/\/salihabaykara.com\/index.php\/wp-json\/wp\/v2\/pages"}],"about":[{"href":"https:\/\/salihabaykara.com\/index.php\/wp-json\/wp\/v2\/types\/page"}],"author":[{"embeddable":true,"href":"https:\/\/salihabaykara.com\/index.php\/wp-json\/wp\/v2\/users\/1"}],"replies":[{"embeddable":true,"href":"https:\/\/salihabaykara.com\/index.php\/wp-json\/wp\/v2\/comments?post=221"}],"version-history":[{"count":4,"href":"https:\/\/salihabaykara.com\/index.php\/wp-json\/wp\/v2\/pages\/221\/revisions"}],"predecessor-version":[{"id":272,"href":"https:\/\/salihabaykara.com\/index.php\/wp-json\/wp\/v2\/pages\/221\/revisions\/272"}],"wp:attachment":[{"href":"https:\/\/salihabaykara.com\/index.php\/wp-json\/wp\/v2\/media?parent=221"}],"curies":[{"name":"wp","href":"https:\/\/api.w.org\/{rel}","templated":true}]}}