{"id":306,"date":"2023-03-17T22:35:40","date_gmt":"2023-03-17T19:35:40","guid":{"rendered":"https:\/\/salihabaykara.com\/?page_id=306"},"modified":"2024-12-05T21:58:50","modified_gmt":"2024-12-05T18:58:50","slug":"makaleler","status":"publish","type":"page","link":"https:\/\/salihabaykara.com\/index.php\/makaleler\/","title":{"rendered":"Makaleler"},"content":{"rendered":"<p><span style=\"color: #00496d;\">International Rehabilitation Council for Torture Victim &#8211; IRCT&#8217;nin bilimsel yay\u0131n\u0131 Torture dergisinin 2023 y\u0131l\u0131 vol.33 no:1 say\u0131s\u0131nda, <a style=\"color: #00496d;\" href=\"https:\/\/tidsskrift.dk\/torture-journal\/issue\/view\/9805\/1888\">&#8220;The effectiveness of psychoanalytic psychotherapy in individuals diagnosed with PTSD due to torture and severe human right violations&#8221;<\/a> adl\u0131 makalemiz yay\u0131nlanm\u0131\u015ft\u0131r.<\/span><\/p>\n","protected":false},"excerpt":{"rendered":"<p>International Rehabilitation Council for Torture Victim &#8211; IRCT&#8217;nin bilimsel yay\u0131n\u0131 Torture dergisinin 2023 y\u0131l\u0131 vol.33 no:1 say\u0131s\u0131nda, &#8220;The effectiveness of psychoanalytic psychotherapy in individuals diagnosed with PTSD due to torture and severe human right violations&#8221; adl\u0131 makalemiz yay\u0131nlanm\u0131\u015ft\u0131r.<\/p>\n","protected":false},"author":1,"featured_media":0,"parent":0,"menu_order":0,"comment_status":"closed","ping_status":"closed","template":"","meta":[],"_links":{"self":[{"href":"https:\/\/salihabaykara.com\/index.php\/wp-json\/wp\/v2\/pages\/306"}],"collection":[{"href":"https:\/\/salihabaykara.com\/index.php\/wp-json\/wp\/v2\/pages"}],"about":[{"href":"https:\/\/salihabaykara.com\/index.php\/wp-json\/wp\/v2\/types\/page"}],"author":[{"embeddable":true,"href":"https:\/\/salihabaykara.com\/index.php\/wp-json\/wp\/v2\/users\/1"}],"replies":[{"embeddable":true,"href":"https:\/\/salihabaykara.com\/index.php\/wp-json\/wp\/v2\/comments?post=306"}],"version-history":[{"count":4,"href":"https:\/\/salihabaykara.com\/index.php\/wp-json\/wp\/v2\/pages\/306\/revisions"}],"predecessor-version":[{"id":342,"href":"https:\/\/salihabaykara.com\/index.php\/wp-json\/wp\/v2\/pages\/306\/revisions\/342"}],"wp:attachment":[{"href":"https:\/\/salihabaykara.com\/index.php\/wp-json\/wp\/v2\/media?parent=306"}],"curies":[{"name":"wp","href":"https:\/\/api.w.org\/{rel}","templated":true}]}}