{"id":8,"date":"2017-12-23T00:38:27","date_gmt":"2017-12-22T21:38:27","guid":{"rendered":"http:\/\/salihabaykara.com\/?page_id=8"},"modified":"2025-11-16T21:03:52","modified_gmt":"2025-11-16T18:03:52","slug":"hakkimizda","status":"publish","type":"page","link":"https:\/\/salihabaykara.com\/index.php\/hakkimizda\/","title":{"rendered":"Hakk\u0131nda"},"content":{"rendered":"\n<p class=\"has-text-color\" style=\"color:#00496d;font-size:16px\">\u0130stanbul, Harbiye\u2019de \u00f6zel bir ruh sa\u011fl\u0131\u011f\u0131 dan\u0131\u015fmanl\u0131k merkezinde, psikanalitik psikoterapi y\u00f6nelimiyle yeti\u015fkinlerle \u00e7al\u0131\u015fmaktad\u0131r.<\/p>\n\n\n\n<p class=\"has-text-color\" style=\"color:#00496d;font-size:16px\">\u0130stanbul Psikanaliz Derne\u011fi (\u0130PD)&#8217;den bir psikanalistle bireysel s\u00fcrecini, ayn\u0131 dernekten bir psikanalistle bireysel s\u00fcpervizyonunu s\u00fcrd\u00fcrmektedir.<\/p>\n\n\n\n<p class=\"has-text-color\" style=\"color:#00496d;font-size:16px\">Mesleki bilgilerini g\u00fcncel tutmak ve yenilikleri takip edebilmek i\u00e7in psikanaliz, psikanalitik psikoterapi \u00fczerine kongre, seminer, sempozyum programlar\u0131n\u0131 ve g\u00fcncel yay\u0131nlar\u0131 s\u0131k\u0131 bir \u015fekilde takip etmeye \u00f6zen g\u00f6stermektedir.<\/p>\n\n\n\n<pre class=\"wp-block-verse has-text-color\" style=\"color:#00496d;font-size:16px\"><strong>E\u011fitim Bilgileri: <\/strong>\n\n\u2022 2012-2016 Hali\u00e7 \u00dcniversitesi, Psikoloji \n\n\u2022 2016-2019 \u0130stanbul Arel \u00dcniversitesi, Klinik Psikoloji\n<\/pre>\n\n\n\n<pre class=\"wp-block-verse has-text-color\" style=\"color:#00496d;font-size:16px\"><strong>Uzmanl\u0131k Tezi:<\/strong> \n\n\u2022 <a href=\"https:\/\/acikbilim.yok.gov.tr\/handle\/20.500.12812\/624320\" target=\"_blank\" rel=\"noreferrer noopener\">\u0130nsan Eliyle Olu\u015fturulmu\u015f Ruhsal Travma Ma\u011fdurlar\u0131nda Psikanalitik Psikoterapinin Etkilili\u011fi, 2019<\/a><\/pre>\n\n\n\n<pre class=\"wp-block-verse has-text-color\" style=\"color:#00496d;font-size:16px\"><strong>Klinik ilgi alanlar\u0131: <\/strong>\n\n\u2022 Ruhsal Travma \n\n\u2022 Yas \n\n\u2022 Depresyon \n\n\u2022 Kayg\u0131 Bozukluklar\u0131 \n\n\u2022 Ki\u015filik Bozukluklar\u0131\n<\/pre>\n\n\n\n<pre class=\"wp-block-verse has-text-color\" style=\"color:#00496d;font-size:16px\"><strong>Lisans d\u00fczeyinde \u00f6\u011fretim g\u00f6revlisi olarak vermi\u015f oldu\u011fu dersler: <\/strong>\n\n\u2022 Psikodinamik Psikoloji\n\n\u2022 Psikanalize Giri\u015f\n\n\u2022 Ki\u015filik Bozukluklar\u0131\n\n\u2022 Travma Psikolojisi\n\n\u2022 Afet K\u00fclt\u00fcr\u00fc\n\n\u2022 Klinik Psikolojide G\u00f6zlem ve G\u00f6r\u00fc\u015fme\n\n\u2022 Psikoloji Tarihi\n<\/pre>\n\n\n\n<div class=\"is-layout-flex wp-container-3 wp-block-columns has-x-large-font-size\">\n<div class=\"is-layout-flow wp-block-column has-medium-font-size\">\n<div class=\"is-layout-constrained wp-block-group\"><div class=\"wp-block-group__inner-container\">\n<pre class=\"wp-block-verse has-text-color\" style=\"color:#00496d;font-size:16px\"><strong>Y\u00fcksek Lisans d\u00fczeyinde \u00f6\u011fretim g\u00f6revlisi olarak vermi\u015f oldu\u011fu dersler<\/strong>\n\n\u2022  Psikodinamik Psikoterapi Uygulama ve S\u00fcpervizyonu\n<\/pre>\n<\/div><\/div>\n<\/div>\n<\/div>\n","protected":false},"excerpt":{"rendered":"<p>\u0130stanbul, Harbiye\u2019de \u00f6zel bir ruh sa\u011fl\u0131\u011f\u0131 dan\u0131\u015fmanl\u0131k merkezinde, psikanalitik psikoterapi y\u00f6nelimiyle yeti\u015fkinlerle \u00e7al\u0131\u015fmaktad\u0131r. \u0130stanbul Psikanaliz Derne\u011fi (\u0130PD)&#8217;den bir psikanalistle bireysel s\u00fcrecini, ayn\u0131 dernekten bir psikanalistle bireysel s\u00fcpervizyonunu s\u00fcrd\u00fcrmektedir. Mesleki bilgilerini g\u00fcncel tutmak ve yenilikleri takip edebilmek i\u00e7in psikanaliz, psikanalitik psikoterapi \u00fczerine kongre, seminer, sempozyum programlar\u0131n\u0131 ve g\u00fcncel yay\u0131nlar\u0131 s\u0131k\u0131 bir \u015fekilde takip etmeye \u00f6zen g\u00f6stermektedir. &hellip; <a href=\"https:\/\/salihabaykara.com\/index.php\/hakkimizda\/\" class=\"more-link\">Okumaya devam et <span class=\"screen-reader-text\">Hakk\u0131nda<\/span><\/a><\/p>\n","protected":false},"author":1,"featured_media":0,"parent":0,"menu_order":0,"comment_status":"closed","ping_status":"closed","template":"","meta":[],"_links":{"self":[{"href":"https:\/\/salihabaykara.com\/index.php\/wp-json\/wp\/v2\/pages\/8"}],"collection":[{"href":"https:\/\/salihabaykara.com\/index.php\/wp-json\/wp\/v2\/pages"}],"about":[{"href":"https:\/\/salihabaykara.com\/index.php\/wp-json\/wp\/v2\/types\/page"}],"author":[{"embeddable":true,"href":"https:\/\/salihabaykara.com\/index.php\/wp-json\/wp\/v2\/users\/1"}],"replies":[{"embeddable":true,"href":"https:\/\/salihabaykara.com\/index.php\/wp-json\/wp\/v2\/comments?post=8"}],"version-history":[{"count":66,"href":"https:\/\/salihabaykara.com\/index.php\/wp-json\/wp\/v2\/pages\/8\/revisions"}],"predecessor-version":[{"id":362,"href":"https:\/\/salihabaykara.com\/index.php\/wp-json\/wp\/v2\/pages\/8\/revisions\/362"}],"wp:attachment":[{"href":"https:\/\/salihabaykara.com\/index.php\/wp-json\/wp\/v2\/media?parent=8"}],"curies":[{"name":"wp","href":"https:\/\/api.w.org\/{rel}","templated":true}]}}